{"id":85,"date":"2016-06-03T14:58:48","date_gmt":"2016-06-03T12:58:48","guid":{"rendered":"http:\/\/assist-solution.fr\/?page_id=85"},"modified":"2017-12-31T19:00:21","modified_gmt":"2017-12-31T17:00:21","slug":"mon-parcours","status":"publish","type":"page","link":"https:\/\/assist-solution.fr\/index.php\/mon-parcours\/","title":{"rendered":"Mon parcours"},"content":{"rendered":"<div id=\"pl-85\"  class=\"panel-layout\" ><div id=\"pg-85-0\"  class=\"panel-grid panel-no-style\" ><div id=\"pgc-85-0-0\"  class=\"panel-grid-cell\" ><div id=\"panel-85-0-0-0\" class=\"so-panel widget widget_sow-editor panel-first-child panel-last-child\" data-index=\"0\" ><div\n\t\t\t\n\t\t\tclass=\"so-widget-sow-editor so-widget-sow-editor-base\"\n\t\t\t\n\t\t>\n<div class=\"siteorigin-widget-tinymce textwidget\">\n\t<p style=\"text-align: justify;\">Issue d'une formation polyvalente (BTS Assistant en gestion de PME PMI), renforc\u00e9e par un DUT en Gestion Logistique et Transport. J'ai pu et su diversifier mes exp\u00e9riences professionnelles depuis presque 20 ans au sein de grands groupes (Nestl\u00e9, E.Leclerc, Cora\/Casino, SogepRedcats, Ball Packaging) en France comme \u00e0 l'\u00e9tranger (Angleterre, Espagne). En effet, j'aime apprendre, \u00e9voluer ce qui m'a permis de m'\u00e9panouir dans les domaines de la logistique et du transport ainsi que l'administration des ventes et les achats \u00e0 travers diff\u00e9rentes missions qui m'ont \u00e9t\u00e9 confi\u00e9es. J'ai eu, aussi, l'opportunit\u00e9 d'\u00e9largir mes comp\u00e9tences \u00e0 travers des missions au sein d'un service comptable (comptabilit\u00e9 clients et fournisseurs). Fonction que j'ai exerc\u00e9 8 ans et qui m'a permis d'acqu\u00e9rir une vision globale de l'entreprise.<\/p>\n<\/div>\n<\/div><\/div><\/div><div id=\"pgc-85-0-1\"  class=\"panel-grid-cell\" ><div id=\"panel-85-0-1-0\" class=\"so-panel widget widget_sow-image panel-first-child\" data-index=\"1\" ><div\n\t\t\t\n\t\t\tclass=\"so-widget-sow-image so-widget-sow-image-default-d6014b76747a-85\"\n\t\t\t\n\t\t>\n\n<div class=\"sow-image-container\">\n\t\t<img title=\"Mon parcours\" alt=\"\" loading=\"lazy\" \t\tclass=\"so-widget-image\"\/>\n\t<\/div>\n\n<\/div><\/div><div id=\"panel-85-0-1-1\" class=\"so-panel widget widget_sow-image panel-last-child\" data-index=\"2\" ><div\n\t\t\t\n\t\t\tclass=\"so-widget-sow-image so-widget-sow-image-default-17bc2272b535-85\"\n\t\t\t\n\t\t>\n\n<div class=\"sow-image-container\">\n\t\t<img src=\"https:\/\/assist-solution.fr\/wp-content\/uploads\/2016\/07\/Mon-parcours.jpg\" width=\"4896\" height=\"3264\" srcset=\"https:\/\/assist-solution.fr\/wp-content\/uploads\/2016\/07\/Mon-parcours.jpg 4896w, https:\/\/assist-solution.fr\/wp-content\/uploads\/2016\/07\/Mon-parcours-300x200.jpg 300w, https:\/\/assist-solution.fr\/wp-content\/uploads\/2016\/07\/Mon-parcours-768x512.jpg 768w, https:\/\/assist-solution.fr\/wp-content\/uploads\/2016\/07\/Mon-parcours-1024x683.jpg 1024w, https:\/\/assist-solution.fr\/wp-content\/uploads\/2016\/07\/Mon-parcours-140x94.jpg 140w, https:\/\/assist-solution.fr\/wp-content\/uploads\/2016\/07\/Mon-parcours-272x182.jpg 272w\" sizes=\"(max-width: 4896px) 100vw, 4896px\" title=\"Mon parcours\" alt=\"\" loading=\"lazy\" \t\tclass=\"so-widget-image\"\/>\n\t<\/div>\n\n<\/div><\/div><\/div><\/div><div id=\"pg-85-1\"  class=\"panel-grid panel-no-style\" ><div id=\"pgc-85-1-0\"  class=\"panel-grid-cell\" ><div id=\"panel-85-1-0-0\" class=\"so-panel widget widget_sow-hero panel-first-child panel-last-child\" data-index=\"3\" ><div\n\t\t\t\n\t\t\tclass=\"so-widget-sow-hero so-widget-sow-hero-default-ead3051115d9-85 so-widget-fittext-wrapper\"\n\t\t\t data-fit-text-compressor=\"0.85\"\n\t\t><div class=\"sow-slider-base\" style=\"display: none\"><ul\n\t\t\t\t\tclass=\"sow-slider-images\"\n\t\t\t\t\tdata-settings=\"{&quot;pagination&quot;:true,&quot;speed&quot;:800,&quot;timeout&quot;:8000,&quot;paused&quot;:false,&quot;pause_on_hover&quot;:false,&quot;swipe&quot;:true,&quot;nav_always_show_desktop&quot;:&quot;&quot;,&quot;nav_always_show_mobile&quot;:&quot;&quot;,&quot;breakpoint&quot;:&quot;780px&quot;,&quot;unmute&quot;:false,&quot;anchor&quot;:null}\"\n\t\t\t\t\t\t\t\t\t\tdata-anchor-id=\"\"\n\t\t\t\t>\t\t<li class=\"sow-slider-image  sow-slider-image-cover\" style=\"background-color: #333333;cursor: pointer;\" data-url=\"{&quot;url&quot;:&quot;https:\\\/\\\/assist-solution.fr\\\/index.php\\\/mes-atouts\\\/&quot;,&quot;new_window&quot;:false}\" >\n\t\t\t\t\t<div class=\"sow-slider-image-container\">\n\t\t\t<div class=\"sow-slider-image-wrapper\">\n\t\t\t\t<h1 style=\"padding-left: 30px\">Mes atouts<\/h1>\t\t\t<\/div>\n\t\t<\/div>\n\t\t<div class=\"sow-slider-image-overlay sow-slider-image-cover\" style=\"background-image: url(https:\/\/assist-solution.fr\/wp-content\/uploads\/2016\/08\/Mes-atouts.jpg);opacity: 0.85\"  ><\/div>\t\t<\/li>\n\t\t<\/ul>\t\t\t\t<ol class=\"sow-slider-pagination\">\n\t\t\t\t\t\t\t\t\t\t\t<li><a href=\"#\" data-goto=\"0\" aria-label=\"afficher la diapositive 1\"><\/a><\/li>\n\t\t\t\t\t\t\t\t\t<\/ol>\n\n\t\t\t\t<div class=\"sow-slide-nav sow-slide-nav-next\">\n\t\t\t\t\t<a href=\"#\" data-goto=\"next\" aria-label=\"diapositive suivante\" data-action=\"next\">\n\t\t\t\t\t\t<em class=\"sow-sld-icon-thin-right\"><\/em>\n\t\t\t\t\t<\/a>\n\t\t\t\t<\/div>\n\n\t\t\t\t<div class=\"sow-slide-nav sow-slide-nav-prev\">\n\t\t\t\t\t<a href=\"#\" data-goto=\"previous\" aria-label=\"diapositive pr\u00e9c\u00e9dente\" data-action=\"prev\">\n\t\t\t\t\t\t<em class=\"sow-sld-icon-thin-left\"><\/em>\n\t\t\t\t\t<\/a>\n\t\t\t\t<\/div>\n\t\t\t\t<\/div><\/div><\/div><\/div><div id=\"pgc-85-1-1\"  class=\"panel-grid-cell\" ><div id=\"panel-85-1-1-0\" class=\"so-panel widget widget_sow-hero panel-first-child panel-last-child\" data-index=\"4\" ><div\n\t\t\t\n\t\t\tclass=\"so-widget-sow-hero so-widget-sow-hero-default-ead3051115d9-85 so-widget-fittext-wrapper\"\n\t\t\t data-fit-text-compressor=\"0.85\"\n\t\t><div class=\"sow-slider-base\" style=\"display: none\"><ul\n\t\t\t\t\tclass=\"sow-slider-images\"\n\t\t\t\t\tdata-settings=\"{&quot;pagination&quot;:true,&quot;speed&quot;:800,&quot;timeout&quot;:8000,&quot;paused&quot;:false,&quot;pause_on_hover&quot;:false,&quot;swipe&quot;:true,&quot;nav_always_show_desktop&quot;:&quot;&quot;,&quot;nav_always_show_mobile&quot;:&quot;&quot;,&quot;breakpoint&quot;:&quot;780px&quot;,&quot;unmute&quot;:false,&quot;anchor&quot;:null}\"\n\t\t\t\t\t\t\t\t\t\tdata-anchor-id=\"\"\n\t\t\t\t>\t\t<li class=\"sow-slider-image  sow-slider-image-cover\" style=\"background-color: #333333;cursor: pointer;\" data-url=\"{&quot;url&quot;:&quot;https:\\\/\\\/assist-solution.fr\\\/index.php\\\/presentation\\\/&quot;,&quot;new_window&quot;:false}\" >\n\t\t\t\t\t<div class=\"sow-slider-image-container\">\n\t\t\t<div class=\"sow-slider-image-wrapper\">\n\t\t\t\t<h1 style=\"padding-left: 30px\">Mon entreprise<\/h1>\t\t\t<\/div>\n\t\t<\/div>\n\t\t<div class=\"sow-slider-image-overlay sow-slider-image-cover\" style=\"background-image: url(https:\/\/assist-solution.fr\/wp-content\/uploads\/2017\/12\/IMG_20170126_162038.jpg);opacity: 0.85\"  ><\/div>\t\t<\/li>\n\t\t<\/ul>\t\t\t\t<ol class=\"sow-slider-pagination\">\n\t\t\t\t\t\t\t\t\t\t\t<li><a href=\"#\" data-goto=\"0\" aria-label=\"afficher la diapositive 1\"><\/a><\/li>\n\t\t\t\t\t\t\t\t\t<\/ol>\n\n\t\t\t\t<div class=\"sow-slide-nav sow-slide-nav-next\">\n\t\t\t\t\t<a href=\"#\" data-goto=\"next\" aria-label=\"diapositive suivante\" data-action=\"next\">\n\t\t\t\t\t\t<em class=\"sow-sld-icon-thin-right\"><\/em>\n\t\t\t\t\t<\/a>\n\t\t\t\t<\/div>\n\n\t\t\t\t<div class=\"sow-slide-nav sow-slide-nav-prev\">\n\t\t\t\t\t<a href=\"#\" data-goto=\"previous\" aria-label=\"diapositive pr\u00e9c\u00e9dente\" data-action=\"prev\">\n\t\t\t\t\t\t<em class=\"sow-sld-icon-thin-left\"><\/em>\n\t\t\t\t\t<\/a>\n\t\t\t\t<\/div>\n\t\t\t\t<\/div><\/div><\/div><\/div><\/div><\/div>","protected":false},"excerpt":{"rendered":"<p>Issue d&rsquo;une formation polyvalente (BTS Assistant en gestion de PME PMI), renforc\u00e9e par un DUT en Gestion Logistique et Transport. J&rsquo;ai pu et su diversifier mes exp\u00e9riences professionnelles depuis presque 20 ans au sein de grands groupes (Nestl\u00e9, E.Leclerc, Cora\/Casino, SogepRedcats, Ball Packaging) en France comme \u00e0 l&rsquo;\u00e9tranger (Angleterre, Espagne). En effet, j&rsquo;aime apprendre, \u00e9voluer [&hellip;]<\/p>\n","protected":false},"author":1,"featured_media":0,"parent":0,"menu_order":0,"comment_status":"closed","ping_status":"closed","template":"page-full.php","meta":[],"yoast_head":"<!-- This site is optimized with the Yoast SEO plugin v19.8 - https:\/\/yoast.com\/wordpress\/plugins\/seo\/ -->\n<title>Mon parcours - Assist&#039;Solution<\/title>\n<meta name=\"robots\" content=\"index, follow, max-snippet:-1, max-image-preview:large, max-video-preview:-1\" \/>\n<link rel=\"canonical\" href=\"https:\/\/assist-solution.fr\/index.php\/mon-parcours\/\" \/>\n<meta property=\"og:locale\" content=\"fr_FR\" \/>\n<meta property=\"og:type\" content=\"article\" \/>\n<meta property=\"og:title\" content=\"Mon parcours - Assist&#039;Solution\" \/>\n<meta property=\"og:description\" content=\"Issue d&#039;une formation polyvalente (BTS Assistant en gestion de PME PMI), renforc\u00e9e par un DUT en Gestion Logistique et Transport. J&#039;ai pu et su diversifier mes exp\u00e9riences professionnelles depuis presque 20 ans au sein de grands groupes (Nestl\u00e9, E.Leclerc, Cora\/Casino, SogepRedcats, Ball Packaging) en France comme \u00e0 l&#039;\u00e9tranger (Angleterre, Espagne). En effet, j&#039;aime apprendre, \u00e9voluer [&hellip;]\" \/>\n<meta property=\"og:url\" content=\"https:\/\/assist-solution.fr\/index.php\/mon-parcours\/\" \/>\n<meta property=\"og:site_name\" content=\"Assist&#039;Solution\" \/>\n<meta property=\"article:publisher\" content=\"https:\/\/www.facebook.com\/AssistSolution.fr\/\" \/>\n<meta property=\"article:modified_time\" content=\"2017-12-31T17:00:21+00:00\" \/>\n<meta property=\"og:image\" content=\"https:\/\/assist-solution.fr\/wp-content\/uploads\/2016\/08\/facebook-AssistSolution.png\" \/>\n\t<meta property=\"og:image:width\" content=\"2000\" \/>\n\t<meta property=\"og:image:height\" content=\"2000\" \/>\n\t<meta property=\"og:image:type\" content=\"image\/png\" \/>\n<meta name=\"twitter:card\" content=\"summary_large_image\" \/>\n<meta name=\"twitter:label1\" content=\"Dur\u00e9e de lecture estim\u00e9e\" \/>\n\t<meta name=\"twitter:data1\" content=\"1 minute\" \/>\n<script type=\"application\/ld+json\" class=\"yoast-schema-graph\">{\"@context\":\"https:\/\/schema.org\",\"@graph\":[{\"@type\":\"WebPage\",\"@id\":\"https:\/\/assist-solution.fr\/index.php\/mon-parcours\/\",\"url\":\"https:\/\/assist-solution.fr\/index.php\/mon-parcours\/\",\"name\":\"Mon parcours - Assist&#039;Solution\",\"isPartOf\":{\"@id\":\"https:\/\/assist-solution.fr\/#website\"},\"datePublished\":\"2016-06-03T12:58:48+00:00\",\"dateModified\":\"2017-12-31T17:00:21+00:00\",\"breadcrumb\":{\"@id\":\"https:\/\/assist-solution.fr\/index.php\/mon-parcours\/#breadcrumb\"},\"inLanguage\":\"fr-FR\",\"potentialAction\":[{\"@type\":\"ReadAction\",\"target\":[\"https:\/\/assist-solution.fr\/index.php\/mon-parcours\/\"]}]},{\"@type\":\"BreadcrumbList\",\"@id\":\"https:\/\/assist-solution.fr\/index.php\/mon-parcours\/#breadcrumb\",\"itemListElement\":[{\"@type\":\"ListItem\",\"position\":1,\"name\":\"Accueil\",\"item\":\"https:\/\/assist-solution.fr\/\"},{\"@type\":\"ListItem\",\"position\":2,\"name\":\"Mon parcours\"}]},{\"@type\":\"WebSite\",\"@id\":\"https:\/\/assist-solution.fr\/#website\",\"url\":\"https:\/\/assist-solution.fr\/\",\"name\":\"Assist&#039;Solution\",\"description\":\"La gestion de votre administratif en toute libert\u00e9\",\"potentialAction\":[{\"@type\":\"SearchAction\",\"target\":{\"@type\":\"EntryPoint\",\"urlTemplate\":\"https:\/\/assist-solution.fr\/?s={search_term_string}\"},\"query-input\":\"required name=search_term_string\"}],\"inLanguage\":\"fr-FR\"}]}<\/script>\n<!-- \/ Yoast SEO plugin. -->","yoast_head_json":{"title":"Mon parcours - Assist&#039;Solution","robots":{"index":"index","follow":"follow","max-snippet":"max-snippet:-1","max-image-preview":"max-image-preview:large","max-video-preview":"max-video-preview:-1"},"canonical":"https:\/\/assist-solution.fr\/index.php\/mon-parcours\/","og_locale":"fr_FR","og_type":"article","og_title":"Mon parcours - Assist&#039;Solution","og_description":"Issue d'une formation polyvalente (BTS Assistant en gestion de PME PMI), renforc\u00e9e par un DUT en Gestion Logistique et Transport. J'ai pu et su diversifier mes exp\u00e9riences professionnelles depuis presque 20 ans au sein de grands groupes (Nestl\u00e9, E.Leclerc, Cora\/Casino, SogepRedcats, Ball Packaging) en France comme \u00e0 l'\u00e9tranger (Angleterre, Espagne). En effet, j'aime apprendre, \u00e9voluer [&hellip;]","og_url":"https:\/\/assist-solution.fr\/index.php\/mon-parcours\/","og_site_name":"Assist&#039;Solution","article_publisher":"https:\/\/www.facebook.com\/AssistSolution.fr\/","article_modified_time":"2017-12-31T17:00:21+00:00","og_image":[{"width":2000,"height":2000,"url":"https:\/\/assist-solution.fr\/wp-content\/uploads\/2016\/08\/facebook-AssistSolution.png","type":"image\/png"}],"twitter_card":"summary_large_image","twitter_misc":{"Dur\u00e9e de lecture estim\u00e9e":"1 minute"},"schema":{"@context":"https:\/\/schema.org","@graph":[{"@type":"WebPage","@id":"https:\/\/assist-solution.fr\/index.php\/mon-parcours\/","url":"https:\/\/assist-solution.fr\/index.php\/mon-parcours\/","name":"Mon parcours - Assist&#039;Solution","isPartOf":{"@id":"https:\/\/assist-solution.fr\/#website"},"datePublished":"2016-06-03T12:58:48+00:00","dateModified":"2017-12-31T17:00:21+00:00","breadcrumb":{"@id":"https:\/\/assist-solution.fr\/index.php\/mon-parcours\/#breadcrumb"},"inLanguage":"fr-FR","potentialAction":[{"@type":"ReadAction","target":["https:\/\/assist-solution.fr\/index.php\/mon-parcours\/"]}]},{"@type":"BreadcrumbList","@id":"https:\/\/assist-solution.fr\/index.php\/mon-parcours\/#breadcrumb","itemListElement":[{"@type":"ListItem","position":1,"name":"Accueil","item":"https:\/\/assist-solution.fr\/"},{"@type":"ListItem","position":2,"name":"Mon parcours"}]},{"@type":"WebSite","@id":"https:\/\/assist-solution.fr\/#website","url":"https:\/\/assist-solution.fr\/","name":"Assist&#039;Solution","description":"La gestion de votre administratif en toute libert\u00e9","potentialAction":[{"@type":"SearchAction","target":{"@type":"EntryPoint","urlTemplate":"https:\/\/assist-solution.fr\/?s={search_term_string}"},"query-input":"required name=search_term_string"}],"inLanguage":"fr-FR"}]}},"_links":{"self":[{"href":"https:\/\/assist-solution.fr\/index.php\/wp-json\/wp\/v2\/pages\/85"}],"collection":[{"href":"https:\/\/assist-solution.fr\/index.php\/wp-json\/wp\/v2\/pages"}],"about":[{"href":"https:\/\/assist-solution.fr\/index.php\/wp-json\/wp\/v2\/types\/page"}],"author":[{"embeddable":true,"href":"https:\/\/assist-solution.fr\/index.php\/wp-json\/wp\/v2\/users\/1"}],"replies":[{"embeddable":true,"href":"https:\/\/assist-solution.fr\/index.php\/wp-json\/wp\/v2\/comments?post=85"}],"version-history":[{"count":11,"href":"https:\/\/assist-solution.fr\/index.php\/wp-json\/wp\/v2\/pages\/85\/revisions"}],"predecessor-version":[{"id":497,"href":"https:\/\/assist-solution.fr\/index.php\/wp-json\/wp\/v2\/pages\/85\/revisions\/497"}],"wp:attachment":[{"href":"https:\/\/assist-solution.fr\/index.php\/wp-json\/wp\/v2\/media?parent=85"}],"curies":[{"name":"wp","href":"https:\/\/api.w.org\/{rel}","templated":true}]}}