{"id":54,"date":"2016-06-02T23:16:34","date_gmt":"2016-06-02T21:16:34","guid":{"rendered":"http:\/\/assist-solution.fr\/?page_id=54"},"modified":"2017-12-31T18:04:40","modified_gmt":"2017-12-31T16:04:40","slug":"tarifs","status":"publish","type":"page","link":"https:\/\/assist-solution.fr\/index.php\/tarifs\/","title":{"rendered":"Tarifs"},"content":{"rendered":"<div id=\"pl-54\"  class=\"panel-layout\" ><div id=\"pg-54-0\"  class=\"panel-grid panel-no-style\" ><div id=\"pgc-54-0-0\"  class=\"panel-grid-cell\" ><div id=\"panel-54-0-0-0\" class=\"so-panel widget widget_sow-editor panel-first-child\" data-index=\"0\" ><div\n\t\t\t\n\t\t\tclass=\"so-widget-sow-editor so-widget-sow-editor-base\"\n\t\t\t\n\t\t><h3 class=\"widget-title\">                                                                                            <\/h3>\n<div class=\"siteorigin-widget-tinymce textwidget\">\n\t<p style=\"text-align: center;\">\u00a0\u00a0 <em><strong><span style=\"color: #000080;\">Besoin d'une aide administrative ?<\/span><\/strong><\/em><\/p>\n<p style=\"text-align: center;\">Pas d'engagement de volume horaire ou de dur\u00e9e :<br \/>\n<strong><span style=\"color: #000080;\">C'est vous qui d\u00e9cidez.<\/span><\/strong><\/p>\n<p style=\"text-align: center;\">\n<\/div>\n<\/div><\/div><div id=\"panel-54-0-0-1\" class=\"so-panel widget widget_sow-image\" data-index=\"1\" ><div class=\"panel-widget-style panel-widget-style-for-54-0-0-1\" ><div\n\t\t\t\n\t\t\tclass=\"so-widget-sow-image so-widget-sow-image-default-17bc2272b535-54\"\n\t\t\t\n\t\t>\n\n<div class=\"sow-image-container\">\n\t\t<img src=\"https:\/\/assist-solution.fr\/wp-content\/uploads\/2017\/12\/Tarifs-Assist-Solution-Forfaits-ou-\u00e0-la-carte-300x203.jpg\" width=\"300\" height=\"203\" srcset=\"https:\/\/assist-solution.fr\/wp-content\/uploads\/2017\/12\/Tarifs-Assist-Solution-Forfaits-ou-\u00e0-la-carte-300x203.jpg 300w, https:\/\/assist-solution.fr\/wp-content\/uploads\/2017\/12\/Tarifs-Assist-Solution-Forfaits-ou-\u00e0-la-carte-140x94.jpg 140w, https:\/\/assist-solution.fr\/wp-content\/uploads\/2017\/12\/Tarifs-Assist-Solution-Forfaits-ou-\u00e0-la-carte.jpg 710w\" sizes=\"(max-width: 300px) 100vw, 300px\" title=\"Tarifs Assist Solution Forfaits ou \u00e0 la carte\" alt=\"\" loading=\"lazy\" \t\tclass=\"so-widget-image\"\/>\n\t<\/div>\n\n<\/div><\/div><\/div><div id=\"panel-54-0-0-2\" class=\"so-panel widget widget_sow-editor\" data-index=\"2\" ><div\n\t\t\t\n\t\t\tclass=\"so-widget-sow-editor so-widget-sow-editor-base\"\n\t\t\t\n\t\t><h3 class=\"widget-title\">                                                                                            <\/h3>\n<div class=\"siteorigin-widget-tinymce textwidget\">\n\t<p style=\"text-align: center;\"><span style=\"color: #000080;\"><b>TARIFICATION<\/b><\/span><\/p>\n<p style=\"text-align: center;\"><span style=\"font-family: Verdana;\">Nos prix sont exprim\u00e9s en euros et s\u2019entendent nets.<\/span><\/p>\n<p style=\"text-align: center;\"><span style=\"font-family: Verdana;\">TVA non applicable, art. 293-B du CGI<\/span><\/p>\n<p style=\"text-align: center;\"><span style=\"color: #000080;\"><b>Sur Devis<\/b><\/span><\/p>\n<p style=\"text-align: center;\"><b> \u00e0 l\u2019heure <\/b><b>ou<\/b><b> au forfait<\/b>.<\/p>\n<p style=\"text-align: center;\"><b>\u00a0<\/b><\/p>\n<p style=\"text-align: center;\"><b>\u00a0<\/b><\/p>\n<p style=\"text-align: center;\">Les tarifs peuvent \u00eatre modulables<\/p>\n<p style=\"text-align: center;\">en fonction de vos besoins<\/p>\n<p style=\"text-align: center;\">et du volume de travail demand\u00e9.<\/p>\n<p><b>\u00a0<\/b><\/p>\n<h3>\u00a0<\/h3>\n<h3>\u00a0<\/h3>\n<p style=\"text-align: center;\">\u00a0<\/p>\n<\/div>\n<\/div><\/div><div id=\"panel-54-0-0-3\" class=\"so-panel widget widget_sow-button panel-last-child\" data-index=\"3\" ><div\n\t\t\t\n\t\t\tclass=\"so-widget-sow-button so-widget-sow-button-flat-863f7d30125e-54\"\n\t\t\t\n\t\t><div class=\"ow-button-base ow-button-align-right\">\n\t<a href=\"https:\/\/assist-solution.fr\/index.php\/contact\/\" class=\"ow-icon-placement-left ow-button-hover\" \t\t>\n\t\t<span>\n\t\t\t\n\t\t\tContactez-nous\t\t<\/span>\n\t<\/a>\n<\/div>\n<\/div><\/div><\/div><\/div><\/div>","protected":false},"excerpt":{"rendered":"<p>\u00a0\u00a0 Besoin d&rsquo;une aide administrative ? Pas d&rsquo;engagement de volume horaire ou de dur\u00e9e : C&rsquo;est vous qui d\u00e9cidez. TARIFICATION Nos prix sont exprim\u00e9s en euros et s\u2019entendent nets. TVA non applicable, art. 293-B du CGI Sur Devis \u00e0 l\u2019heure ou au forfait. \u00a0 \u00a0 Les tarifs peuvent \u00eatre modulables en fonction de vos besoins [&hellip;]<\/p>\n","protected":false},"author":1,"featured_media":0,"parent":0,"menu_order":0,"comment_status":"closed","ping_status":"closed","template":"page-full.php","meta":[],"yoast_head":"<!-- This site is optimized with the Yoast SEO plugin v19.8 - https:\/\/yoast.com\/wordpress\/plugins\/seo\/ -->\n<title>Tarifs - Assist&#039;Solution<\/title>\n<meta name=\"robots\" content=\"index, follow, max-snippet:-1, max-image-preview:large, max-video-preview:-1\" \/>\n<link rel=\"canonical\" href=\"https:\/\/assist-solution.fr\/index.php\/tarifs\/\" \/>\n<meta property=\"og:locale\" content=\"fr_FR\" \/>\n<meta property=\"og:type\" content=\"article\" \/>\n<meta property=\"og:title\" content=\"Tarifs - Assist&#039;Solution\" \/>\n<meta property=\"og:description\" content=\"\u00a0\u00a0 Besoin d&#039;une aide administrative ? Pas d&#039;engagement de volume horaire ou de dur\u00e9e : C&#039;est vous qui d\u00e9cidez. TARIFICATION Nos prix sont exprim\u00e9s en euros et s\u2019entendent nets. TVA non applicable, art. 293-B du CGI Sur Devis \u00e0 l\u2019heure ou au forfait. \u00a0 \u00a0 Les tarifs peuvent \u00eatre modulables en fonction de vos besoins [&hellip;]\" \/>\n<meta property=\"og:url\" content=\"https:\/\/assist-solution.fr\/index.php\/tarifs\/\" \/>\n<meta property=\"og:site_name\" content=\"Assist&#039;Solution\" \/>\n<meta property=\"article:publisher\" content=\"https:\/\/www.facebook.com\/AssistSolution.fr\/\" \/>\n<meta property=\"article:modified_time\" content=\"2017-12-31T16:04:40+00:00\" \/>\n<meta property=\"og:image\" content=\"https:\/\/assist-solution.fr\/wp-content\/uploads\/2016\/08\/facebook-AssistSolution.png\" \/>\n\t<meta property=\"og:image:width\" content=\"2000\" \/>\n\t<meta property=\"og:image:height\" content=\"2000\" \/>\n\t<meta property=\"og:image:type\" content=\"image\/png\" \/>\n<meta name=\"twitter:card\" content=\"summary_large_image\" \/>\n<script type=\"application\/ld+json\" class=\"yoast-schema-graph\">{\"@context\":\"https:\/\/schema.org\",\"@graph\":[{\"@type\":\"WebPage\",\"@id\":\"https:\/\/assist-solution.fr\/index.php\/tarifs\/\",\"url\":\"https:\/\/assist-solution.fr\/index.php\/tarifs\/\",\"name\":\"Tarifs - Assist&#039;Solution\",\"isPartOf\":{\"@id\":\"https:\/\/assist-solution.fr\/#website\"},\"datePublished\":\"2016-06-02T21:16:34+00:00\",\"dateModified\":\"2017-12-31T16:04:40+00:00\",\"breadcrumb\":{\"@id\":\"https:\/\/assist-solution.fr\/index.php\/tarifs\/#breadcrumb\"},\"inLanguage\":\"fr-FR\",\"potentialAction\":[{\"@type\":\"ReadAction\",\"target\":[\"https:\/\/assist-solution.fr\/index.php\/tarifs\/\"]}]},{\"@type\":\"BreadcrumbList\",\"@id\":\"https:\/\/assist-solution.fr\/index.php\/tarifs\/#breadcrumb\",\"itemListElement\":[{\"@type\":\"ListItem\",\"position\":1,\"name\":\"Accueil\",\"item\":\"https:\/\/assist-solution.fr\/\"},{\"@type\":\"ListItem\",\"position\":2,\"name\":\"Tarifs\"}]},{\"@type\":\"WebSite\",\"@id\":\"https:\/\/assist-solution.fr\/#website\",\"url\":\"https:\/\/assist-solution.fr\/\",\"name\":\"Assist&#039;Solution\",\"description\":\"La gestion de votre administratif en toute libert\u00e9\",\"potentialAction\":[{\"@type\":\"SearchAction\",\"target\":{\"@type\":\"EntryPoint\",\"urlTemplate\":\"https:\/\/assist-solution.fr\/?s={search_term_string}\"},\"query-input\":\"required name=search_term_string\"}],\"inLanguage\":\"fr-FR\"}]}<\/script>\n<!-- \/ Yoast SEO plugin. -->","yoast_head_json":{"title":"Tarifs - Assist&#039;Solution","robots":{"index":"index","follow":"follow","max-snippet":"max-snippet:-1","max-image-preview":"max-image-preview:large","max-video-preview":"max-video-preview:-1"},"canonical":"https:\/\/assist-solution.fr\/index.php\/tarifs\/","og_locale":"fr_FR","og_type":"article","og_title":"Tarifs - Assist&#039;Solution","og_description":"\u00a0\u00a0 Besoin d'une aide administrative ? Pas d'engagement de volume horaire ou de dur\u00e9e : C'est vous qui d\u00e9cidez. TARIFICATION Nos prix sont exprim\u00e9s en euros et s\u2019entendent nets. TVA non applicable, art. 293-B du CGI Sur Devis \u00e0 l\u2019heure ou au forfait. \u00a0 \u00a0 Les tarifs peuvent \u00eatre modulables en fonction de vos besoins [&hellip;]","og_url":"https:\/\/assist-solution.fr\/index.php\/tarifs\/","og_site_name":"Assist&#039;Solution","article_publisher":"https:\/\/www.facebook.com\/AssistSolution.fr\/","article_modified_time":"2017-12-31T16:04:40+00:00","og_image":[{"width":2000,"height":2000,"url":"https:\/\/assist-solution.fr\/wp-content\/uploads\/2016\/08\/facebook-AssistSolution.png","type":"image\/png"}],"twitter_card":"summary_large_image","schema":{"@context":"https:\/\/schema.org","@graph":[{"@type":"WebPage","@id":"https:\/\/assist-solution.fr\/index.php\/tarifs\/","url":"https:\/\/assist-solution.fr\/index.php\/tarifs\/","name":"Tarifs - Assist&#039;Solution","isPartOf":{"@id":"https:\/\/assist-solution.fr\/#website"},"datePublished":"2016-06-02T21:16:34+00:00","dateModified":"2017-12-31T16:04:40+00:00","breadcrumb":{"@id":"https:\/\/assist-solution.fr\/index.php\/tarifs\/#breadcrumb"},"inLanguage":"fr-FR","potentialAction":[{"@type":"ReadAction","target":["https:\/\/assist-solution.fr\/index.php\/tarifs\/"]}]},{"@type":"BreadcrumbList","@id":"https:\/\/assist-solution.fr\/index.php\/tarifs\/#breadcrumb","itemListElement":[{"@type":"ListItem","position":1,"name":"Accueil","item":"https:\/\/assist-solution.fr\/"},{"@type":"ListItem","position":2,"name":"Tarifs"}]},{"@type":"WebSite","@id":"https:\/\/assist-solution.fr\/#website","url":"https:\/\/assist-solution.fr\/","name":"Assist&#039;Solution","description":"La gestion de votre administratif en toute libert\u00e9","potentialAction":[{"@type":"SearchAction","target":{"@type":"EntryPoint","urlTemplate":"https:\/\/assist-solution.fr\/?s={search_term_string}"},"query-input":"required name=search_term_string"}],"inLanguage":"fr-FR"}]}},"_links":{"self":[{"href":"https:\/\/assist-solution.fr\/index.php\/wp-json\/wp\/v2\/pages\/54"}],"collection":[{"href":"https:\/\/assist-solution.fr\/index.php\/wp-json\/wp\/v2\/pages"}],"about":[{"href":"https:\/\/assist-solution.fr\/index.php\/wp-json\/wp\/v2\/types\/page"}],"author":[{"embeddable":true,"href":"https:\/\/assist-solution.fr\/index.php\/wp-json\/wp\/v2\/users\/1"}],"replies":[{"embeddable":true,"href":"https:\/\/assist-solution.fr\/index.php\/wp-json\/wp\/v2\/comments?post=54"}],"version-history":[{"count":26,"href":"https:\/\/assist-solution.fr\/index.php\/wp-json\/wp\/v2\/pages\/54\/revisions"}],"predecessor-version":[{"id":483,"href":"https:\/\/assist-solution.fr\/index.php\/wp-json\/wp\/v2\/pages\/54\/revisions\/483"}],"wp:attachment":[{"href":"https:\/\/assist-solution.fr\/index.php\/wp-json\/wp\/v2\/media?parent=54"}],"curies":[{"name":"wp","href":"https:\/\/api.w.org\/{rel}","templated":true}]}}