{"id":50,"date":"2016-06-02T23:13:29","date_gmt":"2016-06-02T21:13:29","guid":{"rendered":"http:\/\/assist-solution.fr\/?page_id=50"},"modified":"2018-05-22T16:18:27","modified_gmt":"2018-05-22T14:18:27","slug":"assistante-independante","status":"publish","type":"page","link":"https:\/\/assist-solution.fr\/index.php\/assistante-independante\/","title":{"rendered":"Assistante ind\u00e9pendante"},"content":{"rendered":"<div id=\"pl-50\"  class=\"panel-layout\" ><div id=\"pg-50-0\"  class=\"panel-grid panel-no-style\" ><div id=\"pgc-50-0-0\"  class=\"panel-grid-cell\" ><div id=\"panel-50-0-0-0\" class=\"so-panel widget widget_sow-editor panel-first-child panel-last-child\" data-index=\"0\" ><div\n\t\t\t\n\t\t\tclass=\"so-widget-sow-editor so-widget-sow-editor-base\"\n\t\t\t\n\t\t>\n<div class=\"siteorigin-widget-tinymce textwidget\">\n\t<p>A l\u2019heure o\u00f9 l\u2019on parle de d\u00e9veloppement durable, votre assistante ind\u00e9pendante vous permettra d\u2019inscrire parfaitement votre entreprise dans cette logique. En effet, gr\u00e2ce \u00e0 Assist\u2019Solution, externalisez votre secr\u00e9tariat administratif et commercial, et r\u00e9alisez des \u00e9conomies substantielles pour votre entreprise.<\/p>\n<p><strong><em>Gr\u00e2ce \u00e0 Assist\u2019Solution, vous pouvez b\u00e9n\u00e9ficier des comp\u00e9tences d\u2019une assistante de gestion dipl\u00f4m\u00e9e <\/em><\/strong><strong>pour des besoins ponctuels ou r\u00e9guliers dont le faible volume rend difficile une embauche.<\/strong><\/p>\n<p>Ainsi, vous b\u00e9n\u00e9ficiez d\u2019un service adapt\u00e9 o\u00f9 les mots suivants seront la r\u00e8gle de notre prestation\u00a0:<\/p>\n<h2>\u00a0<\/h2>\n<\/div>\n<\/div><\/div><\/div><\/div><div id=\"pg-50-1\"  class=\"panel-grid panel-no-style\" ><div id=\"pgc-50-1-0\"  class=\"panel-grid-cell\" ><div id=\"panel-50-1-0-0\" class=\"so-panel widget widget_sow-image panel-first-child panel-last-child\" data-index=\"1\" ><div\n\t\t\t\n\t\t\tclass=\"so-widget-sow-image so-widget-sow-image-default-17bc2272b535-50\"\n\t\t\t\n\t\t>\n\n<div class=\"sow-image-container\">\n\t\t<img src=\"https:\/\/assist-solution.fr\/wp-content\/uploads\/2017\/11\/key-182921-539x480.jpg\" width=\"539\" height=\"480\" sizes=\"(max-width: 539px) 100vw, 539px\" title=\"Simplicit\u00e9 Souplesse Ma\u00eetrise de votre budget Respect des d\u00e9lais confidentialit\u00e9\" alt=\"\" loading=\"lazy\" \t\tclass=\"so-widget-image\"\/>\n\t<\/div>\n\n<\/div><\/div><\/div><div id=\"pgc-50-1-1\"  class=\"panel-grid-cell\" ><div id=\"panel-50-1-1-0\" class=\"so-panel widget widget_sow-editor panel-first-child panel-last-child\" data-index=\"2\" ><div\n\t\t\t\n\t\t\tclass=\"so-widget-sow-editor so-widget-sow-editor-base\"\n\t\t\t\n\t\t>\n<div class=\"siteorigin-widget-tinymce textwidget\">\n\t<h2 style=\"text-align: center;\"><strong>Simplicit\u00e9<\/strong><\/h2>\n<p>&nbsp;<\/p>\n<h2 style=\"text-align: center;\"><strong>Souplesse<\/strong><\/h2>\n<p>&nbsp;<\/p>\n<h2 style=\"text-align: center;\"><strong>Ma\u00eetrise de votre budget<\/strong><\/h2>\n<p>&nbsp;<\/p>\n<h2 style=\"text-align: center;\"><strong>Respect des d\u00e9lais<\/strong><\/h2>\n<p>&nbsp;<\/p>\n<h2 style=\"text-align: center;\">C<strong>onfidentialit\u00e9<\/strong><\/h2>\n<\/div>\n<\/div><\/div><\/div><div id=\"pgc-50-1-2\"  class=\"panel-grid-cell\" ><div id=\"panel-50-1-2-0\" class=\"so-panel widget widget_sow-image panel-first-child panel-last-child\" data-index=\"3\" ><div\n\t\t\t\n\t\t\tclass=\"so-widget-sow-image so-widget-sow-image-default-17bc2272b535-50\"\n\t\t\t\n\t\t>\n\n<div class=\"sow-image-container\">\n\t\t<img src=\"https:\/\/assist-solution.fr\/wp-content\/uploads\/2017\/12\/solitaire-1294486_1920-539x480.jpg\" width=\"539\" height=\"480\" sizes=\"(max-width: 539px) 100vw, 539px\" title=\"Simplicit\u00e9 Souplesse Ma\u00eetrise de votre budget Respect des d\u00e9lais confidentialit\u00e9\" alt=\"\" loading=\"lazy\" \t\tclass=\"so-widget-image\"\/>\n\t<\/div>\n\n<\/div><\/div><\/div><\/div><div id=\"pg-50-2\"  class=\"panel-grid panel-no-style\" ><div id=\"pgc-50-2-0\"  class=\"panel-grid-cell\" ><div id=\"panel-50-2-0-0\" class=\"so-panel widget widget_sow-editor panel-first-child panel-last-child\" data-index=\"4\" ><div\n\t\t\t\n\t\t\tclass=\"so-widget-sow-editor so-widget-sow-editor-base\"\n\t\t\t\n\t\t>\n<div class=\"siteorigin-widget-tinymce textwidget\">\n\t<p><strong>Vous connaissez \u00e0 l\u2019avance ce que \u00e7a va vous co\u00fbter.<\/strong> Votre secr\u00e9taire ind\u00e9pendante vous \u00e9tablit un <strong>devis <\/strong>pr\u00e9cisant le co\u00fbt de la prestation. M\u00eame pour une mission factur\u00e9e \u00e0 l\u2019heure (voir Tarifs), vous pouvez <strong>convenir d\u2019un budget<\/strong> \u00e0 ne pas d\u00e9passer de mani\u00e8re \u00e0 ne pas avoir de mauvaises surprises \u00e0 la facturation.<\/p>\n<p>En externalisant vos t\u00e2ches administratives et\/ou commerciales \u00e0 une secr\u00e9taire freelance, <strong>il n\u2019y a pas de co\u00fbts cach\u00e9s <\/strong>(cong\u00e9s pay\u00e9s, indemnisation, RTT, taxes diverses sur les salaires).<\/p>\n<p><strong>Les factures de votre assistante ind\u00e9pendante sont d\u00e9ductibles.<\/strong><\/p>\n<p><strong>Vous n\u2019avez pas non plus besoin d\u2019investir dans l\u2019installation d\u2019un nouveau poste de travail.<\/strong> Une secr\u00e9taire freelance dispose de son propre mat\u00e9riel.<\/p>\n<p><strong>Le respect des d\u00e9lais\/confidentialit\u00e9.<\/strong><\/p>\n<p>En tant que prestataire, votre secr\u00e9taire freelance\/t\u00e9l\u00e9secr\u00e9taire est tenue de <strong>respecter les d\u00e9lais<\/strong> que vous avez arr\u00eat\u00e9s ensemble. Les travaux livr\u00e9s doivent correspondre \u00e0 ce qui a \u00e9t\u00e9 convenu entre nous.<\/p>\n<p>En tant que professionnelle, une secr\u00e9taire ind\u00e9pendante est tenue \u00e0 la<strong> confidentialit\u00e9 des donn\u00e9es<\/strong> qui lui sont confi\u00e9es.<\/p>\n<\/div>\n<\/div><\/div><\/div><\/div><div id=\"pg-50-3\"  class=\"panel-grid panel-no-style\" ><div id=\"pgc-50-3-0\"  class=\"panel-grid-cell\" ><div id=\"panel-50-3-0-0\" class=\"so-panel widget widget_sow-button panel-first-child panel-last-child\" data-index=\"5\" ><div\n\t\t\t\n\t\t\tclass=\"so-widget-sow-button so-widget-sow-button-flat-863f7d30125e-50\"\n\t\t\t\n\t\t><div class=\"ow-button-base ow-button-align-right\">\n\t<a href=\"https:\/\/assist-solution.fr\/index.php\/contact\/\" class=\"ow-icon-placement-left ow-button-hover\" \t\t>\n\t\t<span>\n\t\t\t\n\t\t\tNous cr\u00e9ons votre solution sur mesure... alors contactez-nous\t\t<\/span>\n\t<\/a>\n<\/div>\n<\/div><\/div><\/div><\/div><\/div>","protected":false},"excerpt":{"rendered":"<p>A l\u2019heure o\u00f9 l\u2019on parle de d\u00e9veloppement durable, votre assistante ind\u00e9pendante vous permettra d\u2019inscrire parfaitement votre entreprise dans cette logique. En effet, gr\u00e2ce \u00e0 Assist\u2019Solution, externalisez votre secr\u00e9tariat administratif et commercial, et r\u00e9alisez des \u00e9conomies substantielles pour votre entreprise. Gr\u00e2ce \u00e0 Assist\u2019Solution, vous pouvez b\u00e9n\u00e9ficier des comp\u00e9tences d\u2019une assistante de gestion dipl\u00f4m\u00e9e pour des besoins [&hellip;]<\/p>\n","protected":false},"author":1,"featured_media":0,"parent":0,"menu_order":0,"comment_status":"closed","ping_status":"closed","template":"page-full.php","meta":[],"yoast_head":"<!-- This site is optimized with the Yoast SEO plugin v19.8 - https:\/\/yoast.com\/wordpress\/plugins\/seo\/ -->\n<title>Assistante ind\u00e9pendante - Assist&#039;Solution<\/title>\n<meta name=\"robots\" content=\"index, follow, max-snippet:-1, max-image-preview:large, max-video-preview:-1\" \/>\n<link rel=\"canonical\" href=\"https:\/\/assist-solution.fr\/index.php\/assistante-independante\/\" \/>\n<meta property=\"og:locale\" content=\"fr_FR\" \/>\n<meta property=\"og:type\" content=\"article\" \/>\n<meta property=\"og:title\" content=\"Assistante ind\u00e9pendante - Assist&#039;Solution\" \/>\n<meta property=\"og:description\" content=\"A l\u2019heure o\u00f9 l\u2019on parle de d\u00e9veloppement durable, votre assistante ind\u00e9pendante vous permettra d\u2019inscrire parfaitement votre entreprise dans cette logique. En effet, gr\u00e2ce \u00e0 Assist\u2019Solution, externalisez votre secr\u00e9tariat administratif et commercial, et r\u00e9alisez des \u00e9conomies substantielles pour votre entreprise. Gr\u00e2ce \u00e0 Assist\u2019Solution, vous pouvez b\u00e9n\u00e9ficier des comp\u00e9tences d\u2019une assistante de gestion dipl\u00f4m\u00e9e pour des besoins [&hellip;]\" \/>\n<meta property=\"og:url\" content=\"https:\/\/assist-solution.fr\/index.php\/assistante-independante\/\" \/>\n<meta property=\"og:site_name\" content=\"Assist&#039;Solution\" \/>\n<meta property=\"article:publisher\" content=\"https:\/\/www.facebook.com\/AssistSolution.fr\/\" \/>\n<meta property=\"article:modified_time\" content=\"2018-05-22T14:18:27+00:00\" \/>\n<meta property=\"og:image\" content=\"https:\/\/assist-solution.fr\/wp-content\/uploads\/2016\/08\/facebook-AssistSolution.png\" \/>\n\t<meta property=\"og:image:width\" content=\"2000\" \/>\n\t<meta property=\"og:image:height\" content=\"2000\" \/>\n\t<meta property=\"og:image:type\" content=\"image\/png\" \/>\n<meta name=\"twitter:card\" content=\"summary_large_image\" \/>\n<meta name=\"twitter:label1\" content=\"Dur\u00e9e de lecture estim\u00e9e\" \/>\n\t<meta name=\"twitter:data1\" content=\"2 minutes\" \/>\n<script type=\"application\/ld+json\" class=\"yoast-schema-graph\">{\"@context\":\"https:\/\/schema.org\",\"@graph\":[{\"@type\":\"WebPage\",\"@id\":\"https:\/\/assist-solution.fr\/index.php\/assistante-independante\/\",\"url\":\"https:\/\/assist-solution.fr\/index.php\/assistante-independante\/\",\"name\":\"Assistante ind\u00e9pendante - Assist&#039;Solution\",\"isPartOf\":{\"@id\":\"https:\/\/assist-solution.fr\/#website\"},\"datePublished\":\"2016-06-02T21:13:29+00:00\",\"dateModified\":\"2018-05-22T14:18:27+00:00\",\"breadcrumb\":{\"@id\":\"https:\/\/assist-solution.fr\/index.php\/assistante-independante\/#breadcrumb\"},\"inLanguage\":\"fr-FR\",\"potentialAction\":[{\"@type\":\"ReadAction\",\"target\":[\"https:\/\/assist-solution.fr\/index.php\/assistante-independante\/\"]}]},{\"@type\":\"BreadcrumbList\",\"@id\":\"https:\/\/assist-solution.fr\/index.php\/assistante-independante\/#breadcrumb\",\"itemListElement\":[{\"@type\":\"ListItem\",\"position\":1,\"name\":\"Accueil\",\"item\":\"https:\/\/assist-solution.fr\/\"},{\"@type\":\"ListItem\",\"position\":2,\"name\":\"Assistante ind\u00e9pendante\"}]},{\"@type\":\"WebSite\",\"@id\":\"https:\/\/assist-solution.fr\/#website\",\"url\":\"https:\/\/assist-solution.fr\/\",\"name\":\"Assist&#039;Solution\",\"description\":\"La gestion de votre administratif en toute libert\u00e9\",\"potentialAction\":[{\"@type\":\"SearchAction\",\"target\":{\"@type\":\"EntryPoint\",\"urlTemplate\":\"https:\/\/assist-solution.fr\/?s={search_term_string}\"},\"query-input\":\"required name=search_term_string\"}],\"inLanguage\":\"fr-FR\"}]}<\/script>\n<!-- \/ Yoast SEO plugin. -->","yoast_head_json":{"title":"Assistante ind\u00e9pendante - Assist&#039;Solution","robots":{"index":"index","follow":"follow","max-snippet":"max-snippet:-1","max-image-preview":"max-image-preview:large","max-video-preview":"max-video-preview:-1"},"canonical":"https:\/\/assist-solution.fr\/index.php\/assistante-independante\/","og_locale":"fr_FR","og_type":"article","og_title":"Assistante ind\u00e9pendante - Assist&#039;Solution","og_description":"A l\u2019heure o\u00f9 l\u2019on parle de d\u00e9veloppement durable, votre assistante ind\u00e9pendante vous permettra d\u2019inscrire parfaitement votre entreprise dans cette logique. En effet, gr\u00e2ce \u00e0 Assist\u2019Solution, externalisez votre secr\u00e9tariat administratif et commercial, et r\u00e9alisez des \u00e9conomies substantielles pour votre entreprise. Gr\u00e2ce \u00e0 Assist\u2019Solution, vous pouvez b\u00e9n\u00e9ficier des comp\u00e9tences d\u2019une assistante de gestion dipl\u00f4m\u00e9e pour des besoins [&hellip;]","og_url":"https:\/\/assist-solution.fr\/index.php\/assistante-independante\/","og_site_name":"Assist&#039;Solution","article_publisher":"https:\/\/www.facebook.com\/AssistSolution.fr\/","article_modified_time":"2018-05-22T14:18:27+00:00","og_image":[{"width":2000,"height":2000,"url":"https:\/\/assist-solution.fr\/wp-content\/uploads\/2016\/08\/facebook-AssistSolution.png","type":"image\/png"}],"twitter_card":"summary_large_image","twitter_misc":{"Dur\u00e9e de lecture estim\u00e9e":"2 minutes"},"schema":{"@context":"https:\/\/schema.org","@graph":[{"@type":"WebPage","@id":"https:\/\/assist-solution.fr\/index.php\/assistante-independante\/","url":"https:\/\/assist-solution.fr\/index.php\/assistante-independante\/","name":"Assistante ind\u00e9pendante - Assist&#039;Solution","isPartOf":{"@id":"https:\/\/assist-solution.fr\/#website"},"datePublished":"2016-06-02T21:13:29+00:00","dateModified":"2018-05-22T14:18:27+00:00","breadcrumb":{"@id":"https:\/\/assist-solution.fr\/index.php\/assistante-independante\/#breadcrumb"},"inLanguage":"fr-FR","potentialAction":[{"@type":"ReadAction","target":["https:\/\/assist-solution.fr\/index.php\/assistante-independante\/"]}]},{"@type":"BreadcrumbList","@id":"https:\/\/assist-solution.fr\/index.php\/assistante-independante\/#breadcrumb","itemListElement":[{"@type":"ListItem","position":1,"name":"Accueil","item":"https:\/\/assist-solution.fr\/"},{"@type":"ListItem","position":2,"name":"Assistante ind\u00e9pendante"}]},{"@type":"WebSite","@id":"https:\/\/assist-solution.fr\/#website","url":"https:\/\/assist-solution.fr\/","name":"Assist&#039;Solution","description":"La gestion de votre administratif en toute libert\u00e9","potentialAction":[{"@type":"SearchAction","target":{"@type":"EntryPoint","urlTemplate":"https:\/\/assist-solution.fr\/?s={search_term_string}"},"query-input":"required name=search_term_string"}],"inLanguage":"fr-FR"}]}},"_links":{"self":[{"href":"https:\/\/assist-solution.fr\/index.php\/wp-json\/wp\/v2\/pages\/50"}],"collection":[{"href":"https:\/\/assist-solution.fr\/index.php\/wp-json\/wp\/v2\/pages"}],"about":[{"href":"https:\/\/assist-solution.fr\/index.php\/wp-json\/wp\/v2\/types\/page"}],"author":[{"embeddable":true,"href":"https:\/\/assist-solution.fr\/index.php\/wp-json\/wp\/v2\/users\/1"}],"replies":[{"embeddable":true,"href":"https:\/\/assist-solution.fr\/index.php\/wp-json\/wp\/v2\/comments?post=50"}],"version-history":[{"count":39,"href":"https:\/\/assist-solution.fr\/index.php\/wp-json\/wp\/v2\/pages\/50\/revisions"}],"predecessor-version":[{"id":534,"href":"https:\/\/assist-solution.fr\/index.php\/wp-json\/wp\/v2\/pages\/50\/revisions\/534"}],"wp:attachment":[{"href":"https:\/\/assist-solution.fr\/index.php\/wp-json\/wp\/v2\/media?parent=50"}],"curies":[{"name":"wp","href":"https:\/\/api.w.org\/{rel}","templated":true}]}}