{"id":39,"date":"2016-06-02T22:12:44","date_gmt":"2016-06-02T20:12:44","guid":{"rendered":"http:\/\/assist-solution.fr\/?page_id=39"},"modified":"2017-12-31T20:03:27","modified_gmt":"2017-12-31T18:03:27","slug":"prestations","status":"publish","type":"page","link":"https:\/\/assist-solution.fr\/index.php\/prestations\/","title":{"rendered":"Prestations"},"content":{"rendered":"<div id=\"pl-39\"  class=\"panel-layout\" ><div id=\"pg-39-0\"  class=\"panel-grid panel-no-style\" ><div id=\"pgc-39-0-0\"  class=\"panel-grid-cell\" ><div id=\"panel-39-0-0-0\" class=\"so-panel widget widget_sow-editor panel-first-child panel-last-child\" data-index=\"0\" ><div class=\"panel-widget-style panel-widget-style-for-39-0-0-0\" ><div\n\t\t\t\n\t\t\tclass=\"so-widget-sow-editor so-widget-sow-editor-base\"\n\t\t\t\n\t\t><h3 class=\"widget-title\">SECRETARIAT COMMERCIAL <\/h3>\n<div class=\"siteorigin-widget-tinymce textwidget\">\n\t<p>&nbsp;<br \/>\n<span style=\"color: #000080;\"><b>Gestion administration des ventes :<\/b><\/span><\/p>\n<p>Devis \/ propositions commerciales<br \/>\nGestion des commandes<br \/>\nFactures<\/p>\n<p><span style=\"color: #000080;\"><b>Relances clients et fournisseurs<\/b><\/span><\/p>\n<p><span style=\"color: #000080;\"><b>Qualification de fichiers<\/b><\/span><\/p>\n<p><span style=\"color: #000080;\"><b>Prospection t\u00e9l\u00e9phonique<\/b><\/span><\/p>\n<p><span style=\"color: #000080;\"><b>Organisation de vos \u00e9v\u00e8nementiels <\/b><\/span><\/p>\n<p><span style=\"color: #000080;\"><b>Cr\u00e9ation de tous documents commerciaux :<\/b><\/span><\/p>\n<p>Brochure, flyers, coupon-r\u00e9ponse<\/p>\n<\/div>\n<\/div><\/div><\/div><\/div><div id=\"pgc-39-0-1\"  class=\"panel-grid-cell\" ><div id=\"panel-39-0-1-0\" class=\"so-panel widget widget_sow-editor panel-first-child\" data-index=\"1\" ><div\n\t\t\t\n\t\t\tclass=\"so-widget-sow-editor so-widget-sow-editor-base\"\n\t\t\t\n\t\t>\n<div class=\"siteorigin-widget-tinymce textwidget\">\n\t<p><span style=\"color: #ffffff;\">yyyy<\/span><\/p>\n<p><span style=\"margin: 0px; color: #ffffff; font-family: 'Georgia',serif;\">aaaaa<\/span><\/p>\n<\/div>\n<\/div><\/div><div id=\"panel-39-0-1-1\" class=\"so-panel widget widget_sow-image panel-last-child\" data-index=\"2\" ><div\n\t\t\t\n\t\t\tclass=\"so-widget-sow-image so-widget-sow-image-default-17bc2272b535-39\"\n\t\t\t\n\t\t>\n\n<div class=\"sow-image-container\">\n\t\t<img src=\"https:\/\/assist-solution.fr\/wp-content\/uploads\/2017\/12\/SECRETARIAT-COMMERCIAL-AssistSolution-1024x697.jpg\" width=\"640\" height=\"436\" srcset=\"https:\/\/assist-solution.fr\/wp-content\/uploads\/2017\/12\/SECRETARIAT-COMMERCIAL-AssistSolution-1024x697.jpg 1024w, https:\/\/assist-solution.fr\/wp-content\/uploads\/2017\/12\/SECRETARIAT-COMMERCIAL-AssistSolution-300x204.jpg 300w, https:\/\/assist-solution.fr\/wp-content\/uploads\/2017\/12\/SECRETARIAT-COMMERCIAL-AssistSolution-768x523.jpg 768w, https:\/\/assist-solution.fr\/wp-content\/uploads\/2017\/12\/SECRETARIAT-COMMERCIAL-AssistSolution-140x94.jpg 140w, https:\/\/assist-solution.fr\/wp-content\/uploads\/2017\/12\/SECRETARIAT-COMMERCIAL-AssistSolution.jpg 1920w\" sizes=\"(max-width: 640px) 100vw, 640px\" title=\"SECRETARIAT COMMERCIAL Assist&rsquo;Solution\" alt=\"\" loading=\"lazy\" \t\tclass=\"so-widget-image\"\/>\n\t<\/div>\n\n<\/div><\/div><\/div><\/div><div id=\"pg-39-1\"  class=\"panel-grid panel-no-style\" ><div id=\"pgc-39-1-0\"  class=\"panel-grid-cell\" ><div id=\"panel-39-1-0-0\" class=\"so-panel widget widget_sow-editor panel-first-child\" data-index=\"3\" ><div\n\t\t\t\n\t\t\tclass=\"so-widget-sow-editor so-widget-sow-editor-base\"\n\t\t\t\n\t\t>\n<div class=\"siteorigin-widget-tinymce textwidget\">\n\t<p><span style=\"color: #ffffff;\">yyyy<\/span><\/p>\n<p><span style=\"margin: 0px; color: #ffffff; font-family: 'Georgia',serif;\">aaaaa<\/span><\/p>\n<\/div>\n<\/div><\/div><div id=\"panel-39-1-0-1\" class=\"so-panel widget widget_sow-image panel-last-child\" data-index=\"4\" ><div\n\t\t\t\n\t\t\tclass=\"so-widget-sow-image so-widget-sow-image-default-d6014b76747a-39\"\n\t\t\t\n\t\t>\n\n<div class=\"sow-image-container\">\n\t\t<img src=\"https:\/\/assist-solution.fr\/wp-content\/uploads\/2017\/12\/bible-2690295_1920-539x480.jpg\" width=\"539\" height=\"480\" sizes=\"(max-width: 539px) 100vw, 539px\" alt=\"\" loading=\"lazy\" \t\tclass=\"so-widget-image\"\/>\n\t<\/div>\n\n<\/div><\/div><\/div><div id=\"pgc-39-1-1\"  class=\"panel-grid-cell\" ><div id=\"panel-39-1-1-0\" class=\"so-panel widget widget_sow-editor panel-first-child panel-last-child\" data-index=\"5\" ><div class=\"panel-widget-style panel-widget-style-for-39-1-1-0\" ><div\n\t\t\t\n\t\t\tclass=\"so-widget-sow-editor so-widget-sow-editor-base\"\n\t\t\t\n\t\t><h3 class=\"widget-title\">SECRETARIAT ADMINISTRATIF <\/h3>\n<div class=\"siteorigin-widget-tinymce textwidget\">\n\t<p>&nbsp;<br \/>\n<span style=\"color: #000080;\"><b>R\u00e9daction\/mise en page de documents :<\/b><\/span><\/p>\n<p>Courriers<br \/>\nTableaux Excel<br \/>\nBases de donn\u00e9es<br \/>\nRapports<br \/>\nCompte-rendu, PV assembl\u00e9e g\u00e9n\u00e9rale<\/p>\n<p><span style=\"color: #000080;\"><b>Assistance r\u00e9dactionnelle :<\/b><\/span><\/p>\n<p>Transcription audio<br \/>\nRelecture et correction de documents<\/p>\n<p><span style=\"color: #000080;\"><b>Num\u00e9risation de vos documents<\/b><\/span><\/p>\n<p><span style=\"color: #000080;\"><b>Diaporama Powerpoint <\/b><\/span><\/p>\n<p><span style=\"color: #000080;\"><b>Aide administrative<\/b>, <b>classement<\/b><\/span><\/p>\n<p><b><span style=\"color: #000080;\">Mailing, publipostage, mise sous pli<\/span> <\/b><\/p>\n<p><b>\u00a0<\/b><\/p>\n<\/div>\n<\/div><\/div><\/div><\/div><\/div><div id=\"pg-39-2\"  class=\"panel-grid panel-no-style\" ><div id=\"pgc-39-2-0\"  class=\"panel-grid-cell\" ><div id=\"panel-39-2-0-0\" class=\"so-panel widget widget_sow-editor panel-first-child panel-last-child\" data-index=\"6\" ><div class=\"panel-widget-style panel-widget-style-for-39-2-0-0\" ><div\n\t\t\t\n\t\t\tclass=\"so-widget-sow-editor so-widget-sow-editor-base\"\n\t\t\t\n\t\t><h3 class=\"widget-title\">SECRETARIAT TECHNIQUE <\/h3>\n<div class=\"siteorigin-widget-tinymce textwidget\">\n\t<p>&nbsp;<br \/>\n<span style=\"color: #000080;\"><b>Pr\u00e9paration des documents pour l\u2019expert-comptable<\/b><\/span><\/p>\n<p><span style=\"color: #000080;\"><b>Gestion des d\u00e9placements<\/b><\/span><\/p>\n<p><span style=\"color: #000080;\"><b>Plan de communication <\/b><\/span><\/p>\n<p><span style=\"color: #000080;\"><b>Note de frais<\/b><\/span><\/p>\n<p><span style=\"color: #000080;\"><b>Gestion des stocks \/ Approvisionnements<\/b><\/span><\/p>\n<p><span style=\"color: #000080;\"><b>Aide \u00e0 la mise en place des inventaires<\/b><\/span><\/p>\n<\/div>\n<\/div><\/div><\/div><\/div><div id=\"pgc-39-2-1\"  class=\"panel-grid-cell\" ><div id=\"panel-39-2-1-0\" class=\"so-panel widget widget_sow-image panel-first-child panel-last-child\" data-index=\"7\" ><div\n\t\t\t\n\t\t\tclass=\"so-widget-sow-image so-widget-sow-image-default-d6014b76747a-39\"\n\t\t\t\n\t\t>\n\n<div class=\"sow-image-container\">\n\t\t<img src=\"https:\/\/assist-solution.fr\/wp-content\/uploads\/2016\/07\/Secr\u00e9tariat-technique-pr\u00e9paration-pour-lexpert-comptable-g\u00e9rer-vos-d\u00e9placements-vos-plans-de-communication-note-de-frais-organisation-de-projets-et-vos-gestions-de-stocks-1024x683.jpg\" width=\"640\" height=\"427\" srcset=\"https:\/\/assist-solution.fr\/wp-content\/uploads\/2016\/07\/Secr\u00e9tariat-technique-pr\u00e9paration-pour-lexpert-comptable-g\u00e9rer-vos-d\u00e9placements-vos-plans-de-communication-note-de-frais-organisation-de-projets-et-vos-gestions-de-stocks-1024x683.jpg 1024w, https:\/\/assist-solution.fr\/wp-content\/uploads\/2016\/07\/Secr\u00e9tariat-technique-pr\u00e9paration-pour-lexpert-comptable-g\u00e9rer-vos-d\u00e9placements-vos-plans-de-communication-note-de-frais-organisation-de-projets-et-vos-gestions-de-stocks-300x200.jpg 300w, https:\/\/assist-solution.fr\/wp-content\/uploads\/2016\/07\/Secr\u00e9tariat-technique-pr\u00e9paration-pour-lexpert-comptable-g\u00e9rer-vos-d\u00e9placements-vos-plans-de-communication-note-de-frais-organisation-de-projets-et-vos-gestions-de-stocks-768x512.jpg 768w, https:\/\/assist-solution.fr\/wp-content\/uploads\/2016\/07\/Secr\u00e9tariat-technique-pr\u00e9paration-pour-lexpert-comptable-g\u00e9rer-vos-d\u00e9placements-vos-plans-de-communication-note-de-frais-organisation-de-projets-et-vos-gestions-de-stocks-140x94.jpg 140w, https:\/\/assist-solution.fr\/wp-content\/uploads\/2016\/07\/Secr\u00e9tariat-technique-pr\u00e9paration-pour-lexpert-comptable-g\u00e9rer-vos-d\u00e9placements-vos-plans-de-communication-note-de-frais-organisation-de-projets-et-vos-gestions-de-stocks-272x182.jpg 272w\" sizes=\"(max-width: 640px) 100vw, 640px\" title=\"Secr\u00e9tariat technique, pr\u00e9paration pour l&rsquo;expert-comptable, g\u00e9rer vos d\u00e9placements, vos plans de communication, note de frais, organisation de projets et vos gestions de stocks\" alt=\"\" loading=\"lazy\" \t\tclass=\"so-widget-image\"\/>\n\t<\/div>\n\n<\/div><\/div><\/div><\/div><div id=\"pg-39-3\"  class=\"panel-grid panel-no-style\" ><div id=\"pgc-39-3-0\"  class=\"panel-grid-cell\" ><div id=\"panel-39-3-0-0\" class=\"so-panel widget widget_sow-editor panel-first-child\" data-index=\"8\" ><div\n\t\t\t\n\t\t\tclass=\"so-widget-sow-editor so-widget-sow-editor-base\"\n\t\t\t\n\t\t>\n<div class=\"siteorigin-widget-tinymce textwidget\">\n\t<p><span style=\"color: #ffffff;\">yyyy<\/span><\/p>\n<p><span style=\"color: #ffffff;\">yyyyy<\/span><\/p>\n<p>\u00a0<\/p>\n<\/div>\n<\/div><\/div><div id=\"panel-39-3-0-1\" class=\"so-panel widget widget_sow-image panel-last-child\" data-index=\"9\" ><div\n\t\t\t\n\t\t\tclass=\"so-widget-sow-image so-widget-sow-image-default-d6014b76747a-39\"\n\t\t\t\n\t\t>\n\n<div class=\"sow-image-container\">\n\t\t<img src=\"https:\/\/assist-solution.fr\/wp-content\/uploads\/2017\/12\/create-865017.jpg\" width=\"4000\" height=\"2667\" srcset=\"https:\/\/assist-solution.fr\/wp-content\/uploads\/2017\/12\/create-865017.jpg 4000w, https:\/\/assist-solution.fr\/wp-content\/uploads\/2017\/12\/create-865017-300x200.jpg 300w, https:\/\/assist-solution.fr\/wp-content\/uploads\/2017\/12\/create-865017-768x512.jpg 768w, https:\/\/assist-solution.fr\/wp-content\/uploads\/2017\/12\/create-865017-1024x683.jpg 1024w, https:\/\/assist-solution.fr\/wp-content\/uploads\/2017\/12\/create-865017-140x94.jpg 140w, https:\/\/assist-solution.fr\/wp-content\/uploads\/2017\/12\/create-865017-272x182.jpg 272w\" sizes=\"(max-width: 4000px) 100vw, 4000px\" title=\"Un besoin de conseils et\/ou mise en place en bureautique, organisation administrative ou commerciale, d&#039;aide pour internet\" alt=\"\" loading=\"lazy\" \t\tclass=\"so-widget-image\"\/>\n\t<\/div>\n\n<\/div><\/div><\/div><div id=\"pgc-39-3-1\"  class=\"panel-grid-cell\" ><div id=\"panel-39-3-1-0\" class=\"so-panel widget widget_sow-editor panel-first-child\" data-index=\"10\" ><div\n\t\t\t\n\t\t\tclass=\"so-widget-sow-editor so-widget-sow-editor-base\"\n\t\t\t\n\t\t>\n<div class=\"siteorigin-widget-tinymce textwidget\">\n\t<p><span style=\"color: #ffffff;\">yyyy<\/span><\/p>\n<\/div>\n<\/div><\/div><div id=\"panel-39-3-1-1\" class=\"so-panel widget widget_sow-editor panel-last-child\" data-index=\"11\" ><div class=\"panel-widget-style panel-widget-style-for-39-3-1-1\" ><div\n\t\t\t\n\t\t\tclass=\"so-widget-sow-editor so-widget-sow-editor-base\"\n\t\t\t\n\t\t><h3 class=\"widget-title\">ASSISTANCE \/ CONSEIL <\/h3>\n<div class=\"siteorigin-widget-tinymce textwidget\">\n\t<p>&nbsp;<br \/>\n<span style=\"color: #000080;\"><b>Conseil et\/ou mise en place :<\/b><\/span><\/p>\n<p>Bureautique (Word, Excel, Powerpoint, Access)<br \/>\nOrganisation administrative<br \/>\nGestion commerciale<\/p>\n<p><span style=\"color: #000080;\"><b>Prestations sur Internet :<\/b><\/span><\/p>\n<p>Recherches documentaires sur Internet<br \/>\nAnimer votre page Facebook<\/p>\n<p><b>\u00a0<\/b><\/p>\n<p><b>\u00a0<\/b><\/p>\n<p><b>\u00a0<\/b><\/p>\n<\/div>\n<\/div><\/div><\/div><\/div><\/div><\/div>","protected":false},"excerpt":{"rendered":"<p>&nbsp; Gestion administration des ventes : Devis \/ propositions commerciales Gestion des commandes Factures Relances clients et fournisseurs Qualification de fichiers Prospection t\u00e9l\u00e9phonique Organisation de vos \u00e9v\u00e8nementiels Cr\u00e9ation de tous documents commerciaux : Brochure, flyers, coupon-r\u00e9ponse yyyy aaaaa yyyy aaaaa &nbsp; R\u00e9daction\/mise en page de documents : Courriers Tableaux Excel Bases de donn\u00e9es Rapports Compte-rendu, [&hellip;]<\/p>\n","protected":false},"author":1,"featured_media":0,"parent":0,"menu_order":0,"comment_status":"closed","ping_status":"closed","template":"page-full.php","meta":[],"yoast_head":"<!-- This site is optimized with the Yoast SEO plugin v19.8 - https:\/\/yoast.com\/wordpress\/plugins\/seo\/ -->\n<title>Prestations - Assist&#039;Solution<\/title>\n<meta name=\"robots\" content=\"index, follow, max-snippet:-1, max-image-preview:large, max-video-preview:-1\" \/>\n<link rel=\"canonical\" href=\"https:\/\/assist-solution.fr\/index.php\/prestations\/\" \/>\n<meta property=\"og:locale\" content=\"fr_FR\" \/>\n<meta property=\"og:type\" content=\"article\" \/>\n<meta property=\"og:title\" content=\"Prestations - Assist&#039;Solution\" \/>\n<meta property=\"og:description\" content=\"&nbsp; Gestion administration des ventes : Devis \/ propositions commerciales Gestion des commandes Factures Relances clients et fournisseurs Qualification de fichiers Prospection t\u00e9l\u00e9phonique Organisation de vos \u00e9v\u00e8nementiels Cr\u00e9ation de tous documents commerciaux : Brochure, flyers, coupon-r\u00e9ponse yyyy aaaaa yyyy aaaaa &nbsp; R\u00e9daction\/mise en page de documents : Courriers Tableaux Excel Bases de donn\u00e9es Rapports Compte-rendu, [&hellip;]\" \/>\n<meta property=\"og:url\" content=\"https:\/\/assist-solution.fr\/index.php\/prestations\/\" \/>\n<meta property=\"og:site_name\" content=\"Assist&#039;Solution\" \/>\n<meta property=\"article:publisher\" content=\"https:\/\/www.facebook.com\/AssistSolution.fr\/\" \/>\n<meta property=\"article:modified_time\" content=\"2017-12-31T18:03:27+00:00\" \/>\n<meta property=\"og:image\" content=\"https:\/\/assist-solution.fr\/wp-content\/uploads\/2016\/08\/facebook-AssistSolution.png\" \/>\n\t<meta property=\"og:image:width\" content=\"2000\" \/>\n\t<meta property=\"og:image:height\" content=\"2000\" \/>\n\t<meta property=\"og:image:type\" content=\"image\/png\" \/>\n<meta name=\"twitter:card\" content=\"summary_large_image\" \/>\n<meta name=\"twitter:label1\" content=\"Dur\u00e9e de lecture estim\u00e9e\" \/>\n\t<meta name=\"twitter:data1\" content=\"1 minute\" \/>\n<script type=\"application\/ld+json\" class=\"yoast-schema-graph\">{\"@context\":\"https:\/\/schema.org\",\"@graph\":[{\"@type\":\"WebPage\",\"@id\":\"https:\/\/assist-solution.fr\/index.php\/prestations\/\",\"url\":\"https:\/\/assist-solution.fr\/index.php\/prestations\/\",\"name\":\"Prestations - Assist&#039;Solution\",\"isPartOf\":{\"@id\":\"https:\/\/assist-solution.fr\/#website\"},\"datePublished\":\"2016-06-02T20:12:44+00:00\",\"dateModified\":\"2017-12-31T18:03:27+00:00\",\"breadcrumb\":{\"@id\":\"https:\/\/assist-solution.fr\/index.php\/prestations\/#breadcrumb\"},\"inLanguage\":\"fr-FR\",\"potentialAction\":[{\"@type\":\"ReadAction\",\"target\":[\"https:\/\/assist-solution.fr\/index.php\/prestations\/\"]}]},{\"@type\":\"BreadcrumbList\",\"@id\":\"https:\/\/assist-solution.fr\/index.php\/prestations\/#breadcrumb\",\"itemListElement\":[{\"@type\":\"ListItem\",\"position\":1,\"name\":\"Accueil\",\"item\":\"https:\/\/assist-solution.fr\/\"},{\"@type\":\"ListItem\",\"position\":2,\"name\":\"Prestations\"}]},{\"@type\":\"WebSite\",\"@id\":\"https:\/\/assist-solution.fr\/#website\",\"url\":\"https:\/\/assist-solution.fr\/\",\"name\":\"Assist&#039;Solution\",\"description\":\"La gestion de votre administratif en toute libert\u00e9\",\"potentialAction\":[{\"@type\":\"SearchAction\",\"target\":{\"@type\":\"EntryPoint\",\"urlTemplate\":\"https:\/\/assist-solution.fr\/?s={search_term_string}\"},\"query-input\":\"required name=search_term_string\"}],\"inLanguage\":\"fr-FR\"}]}<\/script>\n<!-- \/ Yoast SEO plugin. -->","yoast_head_json":{"title":"Prestations - Assist&#039;Solution","robots":{"index":"index","follow":"follow","max-snippet":"max-snippet:-1","max-image-preview":"max-image-preview:large","max-video-preview":"max-video-preview:-1"},"canonical":"https:\/\/assist-solution.fr\/index.php\/prestations\/","og_locale":"fr_FR","og_type":"article","og_title":"Prestations - Assist&#039;Solution","og_description":"&nbsp; Gestion administration des ventes : Devis \/ propositions commerciales Gestion des commandes Factures Relances clients et fournisseurs Qualification de fichiers Prospection t\u00e9l\u00e9phonique Organisation de vos \u00e9v\u00e8nementiels Cr\u00e9ation de tous documents commerciaux : Brochure, flyers, coupon-r\u00e9ponse yyyy aaaaa yyyy aaaaa &nbsp; R\u00e9daction\/mise en page de documents : Courriers Tableaux Excel Bases de donn\u00e9es Rapports Compte-rendu, [&hellip;]","og_url":"https:\/\/assist-solution.fr\/index.php\/prestations\/","og_site_name":"Assist&#039;Solution","article_publisher":"https:\/\/www.facebook.com\/AssistSolution.fr\/","article_modified_time":"2017-12-31T18:03:27+00:00","og_image":[{"width":2000,"height":2000,"url":"https:\/\/assist-solution.fr\/wp-content\/uploads\/2016\/08\/facebook-AssistSolution.png","type":"image\/png"}],"twitter_card":"summary_large_image","twitter_misc":{"Dur\u00e9e de lecture estim\u00e9e":"1 minute"},"schema":{"@context":"https:\/\/schema.org","@graph":[{"@type":"WebPage","@id":"https:\/\/assist-solution.fr\/index.php\/prestations\/","url":"https:\/\/assist-solution.fr\/index.php\/prestations\/","name":"Prestations - Assist&#039;Solution","isPartOf":{"@id":"https:\/\/assist-solution.fr\/#website"},"datePublished":"2016-06-02T20:12:44+00:00","dateModified":"2017-12-31T18:03:27+00:00","breadcrumb":{"@id":"https:\/\/assist-solution.fr\/index.php\/prestations\/#breadcrumb"},"inLanguage":"fr-FR","potentialAction":[{"@type":"ReadAction","target":["https:\/\/assist-solution.fr\/index.php\/prestations\/"]}]},{"@type":"BreadcrumbList","@id":"https:\/\/assist-solution.fr\/index.php\/prestations\/#breadcrumb","itemListElement":[{"@type":"ListItem","position":1,"name":"Accueil","item":"https:\/\/assist-solution.fr\/"},{"@type":"ListItem","position":2,"name":"Prestations"}]},{"@type":"WebSite","@id":"https:\/\/assist-solution.fr\/#website","url":"https:\/\/assist-solution.fr\/","name":"Assist&#039;Solution","description":"La gestion de votre administratif en toute libert\u00e9","potentialAction":[{"@type":"SearchAction","target":{"@type":"EntryPoint","urlTemplate":"https:\/\/assist-solution.fr\/?s={search_term_string}"},"query-input":"required name=search_term_string"}],"inLanguage":"fr-FR"}]}},"_links":{"self":[{"href":"https:\/\/assist-solution.fr\/index.php\/wp-json\/wp\/v2\/pages\/39"}],"collection":[{"href":"https:\/\/assist-solution.fr\/index.php\/wp-json\/wp\/v2\/pages"}],"about":[{"href":"https:\/\/assist-solution.fr\/index.php\/wp-json\/wp\/v2\/types\/page"}],"author":[{"embeddable":true,"href":"https:\/\/assist-solution.fr\/index.php\/wp-json\/wp\/v2\/users\/1"}],"replies":[{"embeddable":true,"href":"https:\/\/assist-solution.fr\/index.php\/wp-json\/wp\/v2\/comments?post=39"}],"version-history":[{"count":64,"href":"https:\/\/assist-solution.fr\/index.php\/wp-json\/wp\/v2\/pages\/39\/revisions"}],"predecessor-version":[{"id":519,"href":"https:\/\/assist-solution.fr\/index.php\/wp-json\/wp\/v2\/pages\/39\/revisions\/519"}],"wp:attachment":[{"href":"https:\/\/assist-solution.fr\/index.php\/wp-json\/wp\/v2\/media?parent=39"}],"curies":[{"name":"wp","href":"https:\/\/api.w.org\/{rel}","templated":true}]}}